{"id":60,"date":"2025-09-22T11:14:58","date_gmt":"2025-09-22T09:14:58","guid":{"rendered":"https:\/\/marseille.theelthub.com\/?page_id=60"},"modified":"2025-12-29T11:05:59","modified_gmt":"2025-12-29T10:05:59","slug":"la-region","status":"publish","type":"page","link":"https:\/\/marseille.theelthub.com\/fr\/la-region\/","title":{"rendered":"La R\u00e9gion"},"content":{"rendered":"<figure class=\"wp-block-gallery has-nested-images columns-default is-cropped wp-block-gallery-1 is-layout-flex wp-block-gallery-is-layout-flex\">\n<figure class=\"wp-block-image size-full\"><img loading=\"lazy\" decoding=\"async\" width=\"300\" height=\"300\" data-id=\"63\" src=\"https:\/\/marseille.theelthub.com\/wp-content\/uploads\/sites\/6\/2025\/09\/11427376_10152950446686361_429847421644306430_o-300x300-1.jpg\" alt=\"\" class=\"wp-image-63\" srcset=\"https:\/\/marseille.theelthub.com\/wp-content\/uploads\/sites\/6\/2025\/09\/11427376_10152950446686361_429847421644306430_o-300x300-1.jpg 300w, https:\/\/marseille.theelthub.com\/wp-content\/uploads\/sites\/6\/2025\/09\/11427376_10152950446686361_429847421644306430_o-300x300-1-150x150.jpg 150w, https:\/\/marseille.theelthub.com\/wp-content\/uploads\/sites\/6\/2025\/09\/11427376_10152950446686361_429847421644306430_o-300x300-1-12x12.jpg 12w\" sizes=\"auto, (max-width: 300px) 100vw, 300px\" \/><\/figure>\n\n\n\n<figure class=\"wp-block-image size-large\"><img loading=\"lazy\" decoding=\"async\" width=\"1024\" height=\"682\" data-id=\"64\" src=\"https:\/\/marseille.theelthub.com\/wp-content\/uploads\/sites\/6\/2025\/09\/image_2190716_20210728_ob_2a424d_8i0a8398a-1024x682-1.jpg\" alt=\"\" class=\"wp-image-64\" srcset=\"https:\/\/marseille.theelthub.com\/wp-content\/uploads\/sites\/6\/2025\/09\/image_2190716_20210728_ob_2a424d_8i0a8398a-1024x682-1.jpg 1024w, https:\/\/marseille.theelthub.com\/wp-content\/uploads\/sites\/6\/2025\/09\/image_2190716_20210728_ob_2a424d_8i0a8398a-1024x682-1-300x200.jpg 300w, https:\/\/marseille.theelthub.com\/wp-content\/uploads\/sites\/6\/2025\/09\/image_2190716_20210728_ob_2a424d_8i0a8398a-1024x682-1-768x512.jpg 768w, https:\/\/marseille.theelthub.com\/wp-content\/uploads\/sites\/6\/2025\/09\/image_2190716_20210728_ob_2a424d_8i0a8398a-1024x682-1-18x12.jpg 18w\" sizes=\"auto, (max-width: 1024px) 100vw, 1024px\" \/><\/figure>\n<\/figure>\n\n\n\n<p>Pour ceux qui connaissent, il n\u2019est pas surprenant que Marseille devienne rapidement l\u2019une des villes les plus branch\u00e9es de France. En 2022, elle \u00e9tait la seule ville fran\u00e7aise \u00e0 figurer dans le classement des&nbsp;<a href=\"https:\/\/time.com\/collection\/worlds-greatest-places-2022\/\" target=\"_blank\" rel=\"noreferrer noopener\"><strong>\u00ab Meilleurs endroits \u00e0 visiter au monde \u00bb<\/strong><\/a>&nbsp;du magazine Time ; le Guardian ne tarit pas d\u2019\u00e9loges sur ses&nbsp;<a href=\"https:\/\/www.theguardian.com\/travel\/2022\/mar\/21\/mouthwatering-marseille-france-culinary-revolution\" target=\"_blank\" rel=\"noreferrer noopener\"><strong>d\u00e9lices culinaires ;<\/strong><\/a>&nbsp;et CNN a \u00e9t\u00e9 tellement impressionn\u00e9e qu\u2019elle a insist\u00e9 pour que la visite de la ville figure&nbsp;<a href=\"https:\/\/www.cntraveller.com\/article\/marseille-france\" target=\"_blank\" rel=\"noreferrer noopener\"><strong>sur la liste de tous les incontournables.<\/strong><\/a>.<\/p>\n\n\n\n<p>Ils ont raison ! Avec son magnifique parc national (<a href=\"https:\/\/www.calanques-parcnational.fr\/fr\" target=\"_blank\" rel=\"noreferrer noopener\"><strong>Les Calanques<\/strong><\/a>), ses kilom\u00e8tres de c\u00f4tes magnifiques, ses plages \u00e0 couper le souffle, son centre-ville anim\u00e9, l\u2019une des routes c\u00f4ti\u00e8res les plus spectaculaires d\u2019Europe, sa sc\u00e8ne culinaire incroyable, ses innombrables bars et terrasses o\u00f9 passer des heures \u00e0 siroter un pastis et \u00e0 observer les passants, sans oublier sa c\u00e9l\u00e8bre \u00e9quipe de football (l\u2019Olympique de Marseille).<\/p>\n\n\n\n<p>Un brassage culturel a donn\u00e9 \u00e0 Marseille une identit\u00e9 que peu de villes fran\u00e7aises peuvent \u00e9galer. Une longue tradition d\u2019accueil de voyageurs a fait de ses rues multilingues un v\u00e9ritable plaisir \u00e0 parcourir. Des march\u00e9s nord-africains et des \u00e9tals de Noailles aux rues verdoyantes d\u2019Endoume et de Vauban, o\u00f9 l\u2019on peut s\u2019asseoir pr\u00e8s de&nbsp;<a href=\"https:\/\/www.marseilletourisme.fr\/en\/places-see\/heritage-culture\/churches\/notre-dame-garde\/\" target=\"_blank\" rel=\"noreferrer noopener\"><strong>La Bonne M\u00e8re<\/strong><\/a>&nbsp;pour admirer le coucher de soleil sur la M\u00e9diterran\u00e9e.<\/p>\n\n\n\n<p>Un endroit parfait pour passer un mois \u00e0 \u00e9tudier un CELTA.<\/p>\n\n\n\n<figure class=\"wp-block-gallery has-nested-images columns-default is-cropped wp-block-gallery-2 is-layout-flex wp-block-gallery-is-layout-flex\">\n<figure class=\"wp-block-image size-large\"><img loading=\"lazy\" decoding=\"async\" width=\"768\" height=\"529\" data-id=\"71\" src=\"https:\/\/marseille.theelthub.com\/wp-content\/uploads\/sites\/6\/2025\/09\/savon-768x529-1.jpg\" alt=\"\" class=\"wp-image-71\" srcset=\"https:\/\/marseille.theelthub.com\/wp-content\/uploads\/sites\/6\/2025\/09\/savon-768x529-1.jpg 768w, https:\/\/marseille.theelthub.com\/wp-content\/uploads\/sites\/6\/2025\/09\/savon-768x529-1-300x207.jpg 300w, https:\/\/marseille.theelthub.com\/wp-content\/uploads\/sites\/6\/2025\/09\/savon-768x529-1-18x12.jpg 18w\" sizes=\"auto, (max-width: 768px) 100vw, 768px\" \/><\/figure>\n\n\n\n<figure class=\"wp-block-image size-large\"><img loading=\"lazy\" decoding=\"async\" width=\"768\" height=\"403\" data-id=\"68\" src=\"https:\/\/marseille.theelthub.com\/wp-content\/uploads\/sites\/6\/2025\/09\/6082_Poissons-de-roches_-_CREDIT_D_Marche_Libre_de_droit_R-768x403-1.jpg\" alt=\"\" class=\"wp-image-68\" srcset=\"https:\/\/marseille.theelthub.com\/wp-content\/uploads\/sites\/6\/2025\/09\/6082_Poissons-de-roches_-_CREDIT_D_Marche_Libre_de_droit_R-768x403-1.jpg 768w, https:\/\/marseille.theelthub.com\/wp-content\/uploads\/sites\/6\/2025\/09\/6082_Poissons-de-roches_-_CREDIT_D_Marche_Libre_de_droit_R-768x403-1-300x157.jpg 300w, https:\/\/marseille.theelthub.com\/wp-content\/uploads\/sites\/6\/2025\/09\/6082_Poissons-de-roches_-_CREDIT_D_Marche_Libre_de_droit_R-768x403-1-18x9.jpg 18w\" sizes=\"auto, (max-width: 768px) 100vw, 768px\" \/><\/figure>\n\n\n\n<figure class=\"wp-block-image size-large\"><img loading=\"lazy\" decoding=\"async\" width=\"754\" height=\"426\" data-id=\"70\" src=\"https:\/\/marseille.theelthub.com\/wp-content\/uploads\/sites\/6\/2025\/09\/balade-visite-quartier-noailles.png\" alt=\"\" class=\"wp-image-70\" srcset=\"https:\/\/marseille.theelthub.com\/wp-content\/uploads\/sites\/6\/2025\/09\/balade-visite-quartier-noailles.png 754w, https:\/\/marseille.theelthub.com\/wp-content\/uploads\/sites\/6\/2025\/09\/balade-visite-quartier-noailles-300x169.png 300w, https:\/\/marseille.theelthub.com\/wp-content\/uploads\/sites\/6\/2025\/09\/balade-visite-quartier-noailles-18x10.png 18w\" sizes=\"auto, (max-width: 754px) 100vw, 754px\" \/><\/figure>\n\n\n\n<figure class=\"wp-block-image size-full\"><img loading=\"lazy\" decoding=\"async\" width=\"213\" height=\"241\" data-id=\"66\" src=\"https:\/\/marseille.theelthub.com\/wp-content\/uploads\/sites\/6\/2025\/09\/image2-copy.jpeg\" alt=\"\" class=\"wp-image-66\" srcset=\"https:\/\/marseille.theelthub.com\/wp-content\/uploads\/sites\/6\/2025\/09\/image2-copy.jpeg 213w, https:\/\/marseille.theelthub.com\/wp-content\/uploads\/sites\/6\/2025\/09\/image2-copy-11x12.jpeg 11w\" sizes=\"auto, (max-width: 213px) 100vw, 213px\" \/><\/figure>\n\n\n\n<figure class=\"wp-block-image size-large\"><img loading=\"lazy\" decoding=\"async\" width=\"167\" height=\"230\" data-id=\"67\" src=\"https:\/\/marseille.theelthub.com\/wp-content\/uploads\/sites\/6\/2025\/09\/image0-copy.jpeg\" alt=\"\" class=\"wp-image-67\" srcset=\"https:\/\/marseille.theelthub.com\/wp-content\/uploads\/sites\/6\/2025\/09\/image0-copy.jpeg 167w, https:\/\/marseille.theelthub.com\/wp-content\/uploads\/sites\/6\/2025\/09\/image0-copy-9x12.jpeg 9w\" sizes=\"auto, (max-width: 167px) 100vw, 167px\" \/><\/figure>\n\n\n\n<figure class=\"wp-block-image size-large\"><img loading=\"lazy\" decoding=\"async\" width=\"480\" height=\"480\" data-id=\"69\" src=\"https:\/\/marseille.theelthub.com\/wp-content\/uploads\/sites\/6\/2025\/09\/IMG_0702.jpeg\" alt=\"\" class=\"wp-image-69\" srcset=\"https:\/\/marseille.theelthub.com\/wp-content\/uploads\/sites\/6\/2025\/09\/IMG_0702.jpeg 480w, https:\/\/marseille.theelthub.com\/wp-content\/uploads\/sites\/6\/2025\/09\/IMG_0702-300x300.jpeg 300w, https:\/\/marseille.theelthub.com\/wp-content\/uploads\/sites\/6\/2025\/09\/IMG_0702-150x150.jpeg 150w, https:\/\/marseille.theelthub.com\/wp-content\/uploads\/sites\/6\/2025\/09\/IMG_0702-12x12.jpeg 12w\" sizes=\"auto, (max-width: 480px) 100vw, 480px\" \/><\/figure>\n<\/figure>","protected":false},"excerpt":{"rendered":"<p>To those that know, it\u2019s no surprise that Marseilles is rapidly becoming one of the trendiest cities in France. In 2022 it was the only French city named in Time magazine\u2019s&nbsp;\u201cTop Places To Visit in the World\u201d&nbsp;list; the Guardian newspaper can\u2019t stop raving about its&nbsp;culinary delights;&nbsp;and CNN were so blown away by it that they [&hellip;]<\/p>\n","protected":false},"author":1,"featured_media":0,"parent":0,"menu_order":0,"comment_status":"closed","ping_status":"closed","template":"template-page","meta":{"footnotes":""},"class_list":["post-60","page","type-page","status-publish","hentry"],"_links":{"self":[{"href":"https:\/\/marseille.theelthub.com\/fr\/wp-json\/wp\/v2\/pages\/60","targetHints":{"allow":["GET"]}}],"collection":[{"href":"https:\/\/marseille.theelthub.com\/fr\/wp-json\/wp\/v2\/pages"}],"about":[{"href":"https:\/\/marseille.theelthub.com\/fr\/wp-json\/wp\/v2\/types\/page"}],"author":[{"embeddable":true,"href":"https:\/\/marseille.theelthub.com\/fr\/wp-json\/wp\/v2\/users\/1"}],"replies":[{"embeddable":true,"href":"https:\/\/marseille.theelthub.com\/fr\/wp-json\/wp\/v2\/comments?post=60"}],"version-history":[{"count":2,"href":"https:\/\/marseille.theelthub.com\/fr\/wp-json\/wp\/v2\/pages\/60\/revisions"}],"predecessor-version":[{"id":148,"href":"https:\/\/marseille.theelthub.com\/fr\/wp-json\/wp\/v2\/pages\/60\/revisions\/148"}],"wp:attachment":[{"href":"https:\/\/marseille.theelthub.com\/fr\/wp-json\/wp\/v2\/media?parent=60"}],"curies":[{"name":"wp","href":"https:\/\/api.w.org\/{rel}","templated":true}]}}