{"id":54,"date":"2025-09-22T11:06:46","date_gmt":"2025-09-22T09:06:46","guid":{"rendered":"https:\/\/marseille.theelthub.com\/?page_id=54"},"modified":"2025-12-29T11:04:00","modified_gmt":"2025-12-29T10:04:00","slug":"le-centre","status":"publish","type":"page","link":"https:\/\/marseille.theelthub.com\/fr\/le-centre\/","title":{"rendered":"Le Centre"},"content":{"rendered":"<figure class=\"wp-block-gallery has-nested-images columns-default is-cropped wp-block-gallery-1 is-layout-flex wp-block-gallery-is-layout-flex\">\n<figure class=\"wp-block-image size-large\"><img loading=\"lazy\" decoding=\"async\" width=\"480\" height=\"480\" data-id=\"58\" src=\"https:\/\/marseille.theelthub.com\/wp-content\/uploads\/sites\/6\/2025\/09\/1697204995742.jpeg\" alt=\"\" class=\"wp-image-58\" srcset=\"https:\/\/marseille.theelthub.com\/wp-content\/uploads\/sites\/6\/2025\/09\/1697204995742.jpeg 480w, https:\/\/marseille.theelthub.com\/wp-content\/uploads\/sites\/6\/2025\/09\/1697204995742-300x300.jpeg 300w, https:\/\/marseille.theelthub.com\/wp-content\/uploads\/sites\/6\/2025\/09\/1697204995742-150x150.jpeg 150w, https:\/\/marseille.theelthub.com\/wp-content\/uploads\/sites\/6\/2025\/09\/1697204995742-12x12.jpeg 12w\" sizes=\"auto, (max-width: 480px) 100vw, 480px\" \/><\/figure>\n\n\n\n<figure class=\"wp-block-image size-large\"><img loading=\"lazy\" decoding=\"async\" width=\"640\" height=\"480\" data-id=\"57\" src=\"https:\/\/marseille.theelthub.com\/wp-content\/uploads\/sites\/6\/2025\/09\/IMG_1363.jpg\" alt=\"\" class=\"wp-image-57\" srcset=\"https:\/\/marseille.theelthub.com\/wp-content\/uploads\/sites\/6\/2025\/09\/IMG_1363.jpg 640w, https:\/\/marseille.theelthub.com\/wp-content\/uploads\/sites\/6\/2025\/09\/IMG_1363-300x225.jpg 300w, https:\/\/marseille.theelthub.com\/wp-content\/uploads\/sites\/6\/2025\/09\/IMG_1363-16x12.jpg 16w\" sizes=\"auto, (max-width: 640px) 100vw, 640px\" \/><\/figure>\n\n\n\n<figure class=\"wp-block-image size-large\"><img loading=\"lazy\" decoding=\"async\" width=\"480\" height=\"640\" data-id=\"56\" src=\"https:\/\/marseille.theelthub.com\/wp-content\/uploads\/sites\/6\/2025\/09\/IMG_1366-rotated-1.jpg\" alt=\"\" class=\"wp-image-56\" srcset=\"https:\/\/marseille.theelthub.com\/wp-content\/uploads\/sites\/6\/2025\/09\/IMG_1366-rotated-1.jpg 480w, https:\/\/marseille.theelthub.com\/wp-content\/uploads\/sites\/6\/2025\/09\/IMG_1366-rotated-1-225x300.jpg 225w, https:\/\/marseille.theelthub.com\/wp-content\/uploads\/sites\/6\/2025\/09\/IMG_1366-rotated-1-9x12.jpg 9w\" sizes=\"auto, (max-width: 480px) 100vw, 480px\" \/><\/figure>\n<\/figure>\n\n\n\n<p>English on Mars a \u00e9t\u00e9 cr\u00e9\u00e9 en 2018. Nous proposons des cours pour tous les \u00e2ges sur deux sites parfaitement adapt\u00e9s au c\u0153ur de la ville. Situ\u00e9 dans le quartier Pr\u00e9fecture du 6e arrondissement, il offre un acc\u00e8s direct au m\u00e9tro (Estrangin, ligne 1) et au tramway (Place du Rome, ligne T2). \u00c0 deux pas du Vieux-Port et du vibrant Cours Julien, English on Mars propose de grandes salles de formation climatis\u00e9es et bien \u00e9quip\u00e9es. Toutes les installations sont \u00e0 votre disposition pour que votre exp\u00e9rience CELTA soit parfaite.<br>Veuillez noter que nous ne pouvons actuellement pas vous aider pour l\u2019h\u00e9bergement \u00e0 Marseille.<\/p>","protected":false},"excerpt":{"rendered":"<p>English on Mars was set up in 2018. Running courses for all ages across two well adapted sites in the heart of the city. Located in the Prefecture area of the 6eme district gives direct access to the metro (Estrangin Line 1) and the Tramway (Place du Rome, line T2). A stones throw from the [&hellip;]<\/p>\n","protected":false},"author":1,"featured_media":0,"parent":0,"menu_order":0,"comment_status":"closed","ping_status":"closed","template":"template-page","meta":{"footnotes":""},"class_list":["post-54","page","type-page","status-publish","hentry"],"_links":{"self":[{"href":"https:\/\/marseille.theelthub.com\/fr\/wp-json\/wp\/v2\/pages\/54","targetHints":{"allow":["GET"]}}],"collection":[{"href":"https:\/\/marseille.theelthub.com\/fr\/wp-json\/wp\/v2\/pages"}],"about":[{"href":"https:\/\/marseille.theelthub.com\/fr\/wp-json\/wp\/v2\/types\/page"}],"author":[{"embeddable":true,"href":"https:\/\/marseille.theelthub.com\/fr\/wp-json\/wp\/v2\/users\/1"}],"replies":[{"embeddable":true,"href":"https:\/\/marseille.theelthub.com\/fr\/wp-json\/wp\/v2\/comments?post=54"}],"version-history":[{"count":2,"href":"https:\/\/marseille.theelthub.com\/fr\/wp-json\/wp\/v2\/pages\/54\/revisions"}],"predecessor-version":[{"id":147,"href":"https:\/\/marseille.theelthub.com\/fr\/wp-json\/wp\/v2\/pages\/54\/revisions\/147"}],"wp:attachment":[{"href":"https:\/\/marseille.theelthub.com\/fr\/wp-json\/wp\/v2\/media?parent=54"}],"curies":[{"name":"wp","href":"https:\/\/api.w.org\/{rel}","templated":true}]}}