{"id":40,"date":"2025-09-22T10:55:46","date_gmt":"2025-09-22T08:55:46","guid":{"rendered":"https:\/\/marseille.theelthub.com\/?page_id=40"},"modified":"2025-12-29T13:35:03","modified_gmt":"2025-12-29T12:35:03","slug":"elt-marseille","status":"publish","type":"page","link":"https:\/\/marseille.theelthub.com\/fr\/","title":{"rendered":"The ELT Marseille"},"content":{"rendered":"<div class=\"wp-block-group carousel-head-pages has-global-padding is-layout-constrained wp-container-core-group-is-layout-8dd13e6d wp-block-group-is-layout-constrained\" style=\"padding-right:var(--wp--preset--spacing--60);padding-left:var(--wp--preset--spacing--60)\">\n<div class=\"wp-block-gutsliders-photo-carousel gutslider-e0ea6268 nav_outside nav_cc has__pagination\" data-swiper-options=\"{&quot;slidesPerView&quot;:1,&quot;spaceBetween&quot;:0,&quot;loop&quot;:true,&quot;autoplay&quot;:{&quot;delay&quot;:1000,&quot;pauseOnMouseEnter&quot;:true,&quot;stopOnLastSlide&quot;:false,&quot;reverseDirection&quot;:false},&quot;speed&quot;:800,&quot;effect&quot;:&quot;slide&quot;,&quot;keyboard&quot;:{&quot;enabled&quot;:false},&quot;mousewheel&quot;:false,&quot;breakpoints&quot;:{&quot;320&quot;:{&quot;slidesPerView&quot;:1,&quot;spaceBetween&quot;:0},&quot;768&quot;:{&quot;slidesPerView&quot;:2,&quot;spaceBetween&quot;:15},&quot;1025&quot;:{&quot;slidesPerView&quot;:&quot;1&quot;,&quot;spaceBetween&quot;:15}},&quot;navigation&quot;:{&quot;nextEl&quot;:&quot;.gutslider-e0ea6268 .swiper-button-next&quot;,&quot;prevEl&quot;:&quot;.gutslider-e0ea6268 .swiper-button-prev&quot;},&quot;pagination&quot;:{&quot;el&quot;:&quot;.gutslider-e0ea6268 .swiper-pagination&quot;,&quot;type&quot;:&quot;bullets&quot;,&quot;dynamicBullets&quot;:false,&quot;clickable&quot;:true}}\"><div class=\"swiper\"><div class=\"swiper-wrapper\"><div class=\"swiper-slide\"><div class=\"swiper-container-outer none\"><img decoding=\"async\" src=\"http:\/\/marseille.theelthub.com\/wp-content\/uploads\/sites\/6\/2025\/09\/istockphoto-175521276-612x612-1.jpg\" alt=\"ELT Marseille\"\/><\/div><\/div><div class=\"swiper-slide\"><div class=\"swiper-container-outer none\"><img decoding=\"async\" src=\"http:\/\/marseille.theelthub.com\/wp-content\/uploads\/sites\/6\/2025\/09\/IMG_0588.jpeg\" alt=\"ELT Marseille\"\/><\/div><\/div><div class=\"swiper-slide\"><div class=\"swiper-container-outer none\"><img decoding=\"async\" src=\"http:\/\/marseille.theelthub.com\/wp-content\/uploads\/sites\/6\/2025\/09\/cafeterie-levon-marseille-_2_1200.jpg\" alt=\"ELT Marseille\"\/><\/div><\/div><\/div><\/div><div class=\"swiper-pagination\"><\/div><div class=\"gutslider-nav nav_outside nav_cc\"><div class=\"swiper-button-prev\"><\/div><div class=\"swiper-button-next\"><\/div><\/div><\/div>\n<\/div>\n\n\n\n<h1 class=\"wp-block-heading has-text-align-center\" style=\"margin-top:var(--wp--preset--spacing--60);margin-bottom:var(--wp--preset--spacing--50)\">The ELT Hub Marseille<\/h1>\n\n\n\n<p>Nous sommes ravis de lancer le CELTA \u00e0 Marseille en partenariat avec l\u2019\u00e9cole de langues \u00ab English on Mars \u00bb. Leur solide r\u00e9putation, leur professionnalisme et leur emplacement central \u00e0 Marseille, bien \u00e9quip\u00e9 (et climatis\u00e9), sont essentiels \u00e0 une exp\u00e9rience CELTA r\u00e9ussie. La n\u00e9cessit\u00e9 d\u2019un centre CELTA \u00e0 Marseille \u00e9tait pressante depuis longtemps, les candidats r\u00e9sidant en r\u00e9gion PACA devant se d\u00e9placer dans d\u2019autres villes de France pour obtenir leur certification d\u2019enseignant. Ce ne sera plus n\u00e9cessaire et ces candidats, ainsi que d\u2019autres candidats venus d\u2019ailleurs et souhaitant d\u00e9couvrir cette ville extraordinaire, pourront d\u00e9sormais profiter pleinement des avantages d\u2019un CELTA d\u2019\u00e9t\u00e9 \u00e0 Marseille.<\/p>","protected":false},"excerpt":{"rendered":"<p>The ELT Hub Marseille We are very pleased to be able to launch CELTA in Marseille in partnership with language school \u2018English on Mars\u2019. Their solid reputation, professionalism and well equipped central location in Marseille (with air-conditioning) are essential for a successful CELTA experience. There has been a need for a CELTA centre in Marseille [&hellip;]<\/p>\n","protected":false},"author":1,"featured_media":0,"parent":0,"menu_order":0,"comment_status":"closed","ping_status":"closed","template":"template-page_no_title","meta":{"footnotes":""},"class_list":["post-40","page","type-page","status-publish","hentry"],"_links":{"self":[{"href":"https:\/\/marseille.theelthub.com\/fr\/wp-json\/wp\/v2\/pages\/40","targetHints":{"allow":["GET"]}}],"collection":[{"href":"https:\/\/marseille.theelthub.com\/fr\/wp-json\/wp\/v2\/pages"}],"about":[{"href":"https:\/\/marseille.theelthub.com\/fr\/wp-json\/wp\/v2\/types\/page"}],"author":[{"embeddable":true,"href":"https:\/\/marseille.theelthub.com\/fr\/wp-json\/wp\/v2\/users\/1"}],"replies":[{"embeddable":true,"href":"https:\/\/marseille.theelthub.com\/fr\/wp-json\/wp\/v2\/comments?post=40"}],"version-history":[{"count":23,"href":"https:\/\/marseille.theelthub.com\/fr\/wp-json\/wp\/v2\/pages\/40\/revisions"}],"predecessor-version":[{"id":163,"href":"https:\/\/marseille.theelthub.com\/fr\/wp-json\/wp\/v2\/pages\/40\/revisions\/163"}],"wp:attachment":[{"href":"https:\/\/marseille.theelthub.com\/fr\/wp-json\/wp\/v2\/media?parent=40"}],"curies":[{"name":"wp","href":"https:\/\/api.w.org\/{rel}","templated":true}]}}